{"id":2073,"date":"2019-06-04T09:25:56","date_gmt":"2019-06-04T09:25:56","guid":{"rendered":"https:\/\/e-invoicing.kone.com\/invoice-content-via-service-provider\/"},"modified":"2026-02-27T10:24:52","modified_gmt":"2026-02-27T10:24:52","slug":"invoice-content-via-service-provider","status":"publish","type":"page","link":"https:\/\/e-invoicing.kone.com\/sv\/invoice-content-via-service-provider\/","title":{"rendered":"N\u00f6dv\u00e4ndigt fakturainneh\u00e5ll"},"content":{"rendered":"","protected":false},"excerpt":{"rendered":"","protected":false},"author":1,"featured_media":0,"parent":0,"menu_order":0,"comment_status":"closed","ping_status":"closed","template":"","meta":{"_acf_changed":false,"footnotes":""},"class_list":["post-2073","page","type-page","status-publish","hentry"],"acf":[],"_links":{"self":[{"href":"https:\/\/e-invoicing.kone.com\/sv\/wp-json\/wp\/v2\/pages\/2073","targetHints":{"allow":["GET"]}}],"collection":[{"href":"https:\/\/e-invoicing.kone.com\/sv\/wp-json\/wp\/v2\/pages"}],"about":[{"href":"https:\/\/e-invoicing.kone.com\/sv\/wp-json\/wp\/v2\/types\/page"}],"author":[{"embeddable":true,"href":"https:\/\/e-invoicing.kone.com\/sv\/wp-json\/wp\/v2\/users\/1"}],"replies":[{"embeddable":true,"href":"https:\/\/e-invoicing.kone.com\/sv\/wp-json\/wp\/v2\/comments?post=2073"}],"version-history":[{"count":12,"href":"https:\/\/e-invoicing.kone.com\/sv\/wp-json\/wp\/v2\/pages\/2073\/revisions"}],"predecessor-version":[{"id":5555,"href":"https:\/\/e-invoicing.kone.com\/sv\/wp-json\/wp\/v2\/pages\/2073\/revisions\/5555"}],"wp:attachment":[{"href":"https:\/\/e-invoicing.kone.com\/sv\/wp-json\/wp\/v2\/media?parent=2073"}],"curies":[{"name":"wp","href":"https:\/\/api.w.org\/{rel}","templated":true}]}}